{"id":1083,"date":"2023-08-31T16:27:09","date_gmt":"2023-08-31T16:27:09","guid":{"rendered":"https:\/\/jehh.org\/?page_id=1083"},"modified":"2023-08-31T16:41:37","modified_gmt":"2023-08-31T16:41:37","slug":"haiti","status":"publish","type":"page","link":"https:\/\/jehh.org\/fr\/haiti\/","title":{"rendered":"Ha\u00efti"},"content":{"rendered":"<div data-elementor-type=\"wp-page\" data-elementor-id=\"1083\" class=\"elementor elementor-1083\" data-elementor-settings=\"{&quot;ha_cmc_init_switcher&quot;:&quot;no&quot;}\" data-elementor-post-type=\"page\">\n\t\t\t\t<div class=\"elementor-element elementor-element-6ae07cc e-flex e-con-boxed e-con e-parent\" data-id=\"6ae07cc\" data-element_type=\"container\" data-e-type=\"container\" data-settings=\"{&quot;background_background&quot;:&quot;classic&quot;,&quot;_ha_eqh_enable&quot;:false}\">\n\t\t\t\t\t<div class=\"e-con-inner\">\n\t\t\t\t<div class=\"elementor-element elementor-element-d666661 elementor-widget elementor-widget-heading\" data-id=\"d666661\" data-element_type=\"widget\" data-e-type=\"widget\" data-widget_type=\"heading.default\">\n\t\t\t\t<div class=\"elementor-widget-container\">\n\t\t\t\t\t<h2 class=\"elementor-heading-title elementor-size-default\">Ambassadeurs - Ha\u00efti<\/h2>\t\t\t\t<\/div>\n\t\t\t\t<\/div>\n\t\t\t\t\t<\/div>\n\t\t\t\t<\/div>\n\t\t<div class=\"elementor-element elementor-element-172f508 e-flex e-con-boxed e-con e-parent\" data-id=\"172f508\" data-element_type=\"container\" data-e-type=\"container\" data-settings=\"{&quot;background_background&quot;:&quot;classic&quot;,&quot;_ha_eqh_enable&quot;:false}\">\n\t\t\t\t\t<div class=\"e-con-inner\">\n\t\t\t\t<div class=\"elementor-element elementor-element-f1a8c3f elementor-widget elementor-widget-awsm-team\" data-id=\"f1a8c3f\" data-element_type=\"widget\" data-e-type=\"widget\" data-widget_type=\"awsm-team.default\">\n\t\t\t\t<div class=\"elementor-widget-container\">\n\t\t\t\t\t<div id=\"awsm-team-1071\" class=\"awsm-grid-wrapper\">\n\t\t\n\t\t\t<div class=\"awsm-grid list-style style-1 grid-2-col\">\n\t\t\t\t\t\t<div id=\"awsm-member-1071-1070\" class=\"awsm-grid-card awsm-team-item awsm-scale-anm awsm-all awsm-5\">\n\t\t\t\t   <figure>\n\t\t\t\t\t <img fetchpriority=\"high\" decoding=\"async\" width=\"768\" height=\"1000\" src=\"https:\/\/jehh.org\/wp-content\/uploads\/2023\/08\/Rev-Raymond-768x1000.jpg\" class=\"attachment-awsm_team size-awsm_team wp-post-image\" alt=\"\" \/>\t\t\t\t\t\t <figcaption>\n\t\t\t\t\t\t\t<div class=\"awsm-personal-info\"><h3>R\u00e9v\u00e9rend Raymond Joseph Isbeck<\/h3><span>Dans mon affectueux souvenir, tu nous manqueras vraiment<\/span><\/div>\n\t\t\t\t\t\t\t<div class=\"awsm-contact-info\">\n\t\t\t\t\t\t\t\t<p>Pasteur de l&#039;\u00c9glise \u00e9vang\u00e9lique indig\u00e8ne d&#039;Ha\u00efti<\/p>\n\t\t\t\t\t\t\t<\/div>\n\t\t\t\t\t\t <\/figcaption>\n\t\t\t\t   <\/figure>\n\t\t\t\t<\/div>\n\t\t\t\t\t\t\t<div id=\"awsm-member-1071-1078\" class=\"awsm-grid-card awsm-team-item awsm-scale-anm awsm-all awsm-5\">\n\t\t\t\t   <figure>\n\t\t\t\t\t <img decoding=\"async\" width=\"720\" height=\"967\" src=\"https:\/\/jehh.org\/wp-content\/uploads\/2023\/08\/Pastor-Ronald.jpg\" class=\"attachment-awsm_team size-awsm_team wp-post-image\" alt=\"\" \/>\t\t\t\t\t\t <figcaption>\n\t\t\t\t\t\t\t<div class=\"awsm-personal-info\"><h3>Pasteur Ronald Choiseulle<\/h3><span>Ambassadeur<\/span><\/div>\n\t\t\t\t\t\t\t<div class=\"awsm-contact-info\">\n\t\t\t\t\t\t\t\t<p>Th\u00e9ologien, comptable, technicien en chimie, avocat<\/p>\n<p>Responsable de l&#039;\u00e9ducation chr\u00e9tienne \u00e0 l&#039;\u00c9glise \u00c9vang\u00e9lique Indig\u00e8ne d&#039;Ha\u00efti.<\/p>\n\t\t\t\t\t\t\t<\/div>\n\t\t\t\t\t\t <\/figcaption>\n\t\t\t\t   <\/figure>\n\t\t\t\t<\/div>\n\t\t\t\t\t\t\t<div id=\"awsm-member-1071-1080\" class=\"awsm-grid-card awsm-team-item awsm-scale-anm awsm-all awsm-5\">\n\t\t\t\t   <figure>\n\t\t\t\t\t <img decoding=\"async\" width=\"767\" height=\"1000\" src=\"https:\/\/jehh.org\/wp-content\/uploads\/2023\/08\/Nirva-767x1000.jpg\" class=\"attachment-awsm_team size-awsm_team wp-post-image\" alt=\"\" \/>\t\t\t\t\t\t <figcaption>\n\t\t\t\t\t\t\t<div class=\"awsm-personal-info\"><h3>Nirva Jean Fran\u00e7ois<\/h3><span>Ambassadeur<\/span><\/div>\n\t\t\t\t\t\t\t<div class=\"awsm-contact-info\">\n\t\t\t\t\t\t\t\t<p>Baccalaur\u00e9at \u00e8s sciences en gestion administrative.<\/p>\n<p>Professeur d&#039;\u00e9cole biblique du dimanche pour les enfants de l&#039;\u00c9glise \u00c9vang\u00e9lique Indig\u00e8ne d&#039;Ha\u00efti.<\/p>\n\t\t\t\t\t\t\t<\/div>\n\t\t\t\t\t\t <\/figcaption>\n\t\t\t\t   <\/figure>\n\t\t\t\t<\/div>\n\t\t\t\t\t<\/div>\n\t\t<\/div>\n\t\t\t\t<\/div>\n\t\t\t\t<\/div>\n\t\t\t\t\t<\/div>\n\t\t\t\t<\/div>\n\t\t\t\t<\/div>","protected":false},"excerpt":{"rendered":"<p>Ambassadeurs \u2013 Ha\u00efti R\u00e9v\u00e9rend Raymond Joseph Isbeck Ambassadeur Pasteur de l&#039;\u00c9glise \u00e9vang\u00e9lique indig\u00e8ne d&#039;Ha\u00efti Pasteur Ronald Choiseulle Ambassadeur Th\u00e9ologien, Comptable, Technicien Chimiste, Avocat Responsable de<span class=\"excerpt-hellip\"> [\u2026]<\/span><\/p>","protected":false},"author":1,"featured_media":0,"parent":0,"menu_order":0,"comment_status":"open","ping_status":"closed","template":"elementor_header_footer","meta":{"give_campaign_id":0,"inline_featured_image":false,"footnotes":""},"class_list":["post-1083","page","type-page","status-publish","hentry"],"campaignId":"","_links":{"self":[{"href":"https:\/\/jehh.org\/fr\/wp-json\/wp\/v2\/pages\/1083","targetHints":{"allow":["GET"]}}],"collection":[{"href":"https:\/\/jehh.org\/fr\/wp-json\/wp\/v2\/pages"}],"about":[{"href":"https:\/\/jehh.org\/fr\/wp-json\/wp\/v2\/types\/page"}],"author":[{"embeddable":true,"href":"https:\/\/jehh.org\/fr\/wp-json\/wp\/v2\/users\/1"}],"replies":[{"embeddable":true,"href":"https:\/\/jehh.org\/fr\/wp-json\/wp\/v2\/comments?post=1083"}],"version-history":[{"count":7,"href":"https:\/\/jehh.org\/fr\/wp-json\/wp\/v2\/pages\/1083\/revisions"}],"predecessor-version":[{"id":1100,"href":"https:\/\/jehh.org\/fr\/wp-json\/wp\/v2\/pages\/1083\/revisions\/1100"}],"wp:attachment":[{"href":"https:\/\/jehh.org\/fr\/wp-json\/wp\/v2\/media?parent=1083"}],"curies":[{"name":"wp","href":"https:\/\/api.w.org\/{rel}","templated":true}]}}