{"id":1125,"date":"2023-09-08T21:50:48","date_gmt":"2023-09-08T21:50:48","guid":{"rendered":"https:\/\/jehh.org\/?page_id=1125"},"modified":"2024-07-23T09:34:36","modified_gmt":"2024-07-23T09:34:36","slug":"donate","status":"publish","type":"page","link":"https:\/\/jehh.org\/fr\/donate\/","title":{"rendered":"Faire un don"},"content":{"rendered":"<div data-elementor-type=\"wp-page\" data-elementor-id=\"1125\" class=\"elementor elementor-1125\" data-elementor-settings=\"{&quot;ha_cmc_init_switcher&quot;:&quot;no&quot;}\" data-elementor-post-type=\"page\">\n\t\t\t\t<div class=\"elementor-element elementor-element-b6029c5 e-con-full e-flex e-con e-parent\" data-id=\"b6029c5\" data-element_type=\"container\" data-e-type=\"container\" data-settings=\"{&quot;_ha_eqh_enable&quot;:false}\">\n\t\t<div class=\"elementor-element elementor-element-2157446 e-con-full e-flex e-con e-child\" data-id=\"2157446\" data-element_type=\"container\" data-e-type=\"container\" data-settings=\"{&quot;_ha_eqh_enable&quot;:false}\">\n\t\t\t\t<div class=\"elementor-element elementor-element-2a2ad14 elementor-widget elementor-widget-shortcode\" data-id=\"2a2ad14\" data-element_type=\"widget\" data-e-type=\"widget\" data-widget_type=\"shortcode.default\">\n\t\t\t\t<div class=\"elementor-widget-container\">\n\t\t\t\t\t\t\t<div class=\"elementor-shortcode\"><div class=\"give-embed-form-wrapper\" id=\"give-6a04ae66369cb\"><iframe\n\t\t\t\tname=\"give-embed-form\"\n\t\t\t\tsrc=\"https:\/\/jehh.org\/fr\/give\/donation-form?giveDonationFormInIframe=1\"\n\t\t\t\t\n\t\t\t\tdata-autoscroll=\"0\"\n\t\t\t\tonload=\"if( 'undefined' !== typeof Give ) { Give.initializeIframeResize(this) }\"\n\t\t\t\tstyle=\"border: 0;visibility: hidden;min-height: 598px;\"><\/iframe><div class=\"iframe-loader\">\n<div style=\"\t\theight: calc(100% - 28px);\t\twidth: calc(100% - 20px);\t\tmax-width: 552px;\t\tmargin: 10px auto 10px auto;\t\tbackground: transparent;\t\tborder-radius: 6px;\t\tdisplay: flex;\t\talign-items: center;\t\tjustify-content: center;\t\">\n    <div style=\"        pointer-events: none;        height: 90px;        width: 90px;        background-image: url(&quot;data:image\/svg+xml;charset=utf8,%3C?xml version='1.0' encoding='utf-8'?%3E%3C!-- Generator: Adobe Illustrator 24.1.0, SVG Export Plug-In . SVG Version: 6.00 Build 0) --%3E%3Csvg version='1.1' id='Layer_1' xmlns='http:\/\/www.w3.org\/2000\/svg' xmlns:xlink='http:\/\/www.w3.org\/1999\/xlink' x='0px' y='0px' viewBox='0 0 349 348' style='enable-background:new 0 0 349 348;' xml:space='preserve'%3E%3Cstyle type='text\/css'%3E .st0{fill:%23283d58;} %3C\/style%3E%3Cpath class='st0' d='M25.1,204.57c-13.38,0-24.47-10.6-24.97-24.08C0.04,178.09,0,175.97,0,174C0,77.78,78.28-0.5,174.5-0.5 c13.81,0,25,11.19,25,25s-11.19,25-25,25C105.85,49.5,50,105.35,50,174c0,1.37,0.03,2.85,0.1,4.65c0.51,13.8-10.27,25.39-24.07,25.9 C25.72,204.56,25.41,204.57,25.1,204.57z'\/%3E%3Cpath class='st0' d='M174.5,348.5c-13.81,0-25-11.19-25-25c0-13.81,11.19-25,25-25c68.65,0,124.5-55.85,124.5-124.5 c0-1.38-0.03-2.85-0.1-4.65c-0.51-13.8,10.26-25.4,24.06-25.91c13.83-0.53,25.4,10.26,25.91,24.06c0.09,2.39,0.13,4.51,0.13,6.49 C349,270.22,270.72,348.5,174.5,348.5z'\/%3E%3C\/svg%3E&quot;);        animation: spin 0.6s linear infinite;        \"><\/div>\n<\/div>\n<\/div><\/div><\/div>\n\t\t\t\t\t\t<\/div>\n\t\t\t\t<\/div>\n\t\t<div class=\"elementor-element elementor-element-d15defd e-flex e-con-boxed e-con e-child\" data-id=\"d15defd\" data-element_type=\"container\" data-e-type=\"container\" data-settings=\"{&quot;_ha_eqh_enable&quot;:false}\">\n\t\t\t\t\t<div class=\"e-con-inner\">\n\t\t\t\t<div class=\"elementor-element elementor-element-0e06c37 elementor-widget elementor-widget-heading\" data-id=\"0e06c37\" data-element_type=\"widget\" data-e-type=\"widget\" data-widget_type=\"heading.default\">\n\t\t\t\t<div class=\"elementor-widget-container\">\n\t\t\t\t\t<h3 class=\"elementor-heading-title elementor-size-default\">Plateformes de dons alternatives<\/h3>\t\t\t\t<\/div>\n\t\t\t\t<\/div>\n\t\t\t\t<div class=\"elementor-element elementor-element-eba1db7 elementor-widget elementor-widget-text-editor\" data-id=\"eba1db7\" data-element_type=\"widget\" data-e-type=\"widget\" data-widget_type=\"text-editor.default\">\n\t\t\t\t<div class=\"elementor-widget-container\">\n\t\t\t\t\t\t\t\t\t<a href=\"mailto:joshuaelijahhelpinghandsinc@gmail.com\">joshuaelijahhelpinghandsinc@gmail.com<\/a>\t\t\t\t\t\t\t\t<\/div>\n\t\t\t\t<\/div>\n\t\t\t\t<div class=\"elementor-element elementor-element-d527821 elementor-widget elementor-widget-text-editor\" data-id=\"d527821\" data-element_type=\"widget\" data-e-type=\"widget\" data-widget_type=\"text-editor.default\">\n\t\t\t\t<div class=\"elementor-widget-container\">\n\t\t\t\t\t\t\t\t\t<p>Vous pouvez \u00e9galement donner par la poste par ch\u00e8que ou mandat-poste \u00e0 l\u2019ordre de\u00a0:<br \/><strong>JEHH ou Josu\u00e9 et Elie se donnent la main<\/strong> \u00e0 l&#039;adresse ci-dessous<br \/><strong>Joshua et Elijah Helping Hands Inc.<\/strong><br \/><strong>10380 SW Village Center Dr PMB#341<\/strong><br \/><strong>Port Sainte-Lucie, FL 34987<\/strong><\/p>\t\t\t\t\t\t\t\t<\/div>\n\t\t\t\t<\/div>\n\t\t\t\t<div class=\"elementor-element elementor-element-b0a70b1 elementor-widget elementor-widget-spacer\" data-id=\"b0a70b1\" data-element_type=\"widget\" data-e-type=\"widget\" data-widget_type=\"spacer.default\">\n\t\t\t\t<div class=\"elementor-widget-container\">\n\t\t\t\t\t\t\t<div class=\"elementor-spacer\">\n\t\t\t<div class=\"elementor-spacer-inner\"><\/div>\n\t\t<\/div>\n\t\t\t\t\t\t<\/div>\n\t\t\t\t<\/div>\n\t\t\t\t<div class=\"elementor-element elementor-element-d03010d elementor-position-top ha-has-bg-overlay elementor-widget elementor-widget-image-box\" data-id=\"d03010d\" data-element_type=\"widget\" data-e-type=\"widget\" data-widget_type=\"image-box.default\">\n\t\t\t\t<div class=\"elementor-widget-container\">\n\t\t\t\t\t<div class=\"elementor-image-box-wrapper\"><figure class=\"elementor-image-box-img\"><img fetchpriority=\"high\" decoding=\"async\" width=\"2560\" height=\"678\" src=\"https:\/\/jehh.org\/wp-content\/uploads\/2023\/10\/PayPal.png\" class=\"attachment-full size-full wp-image-1239\" alt=\"\" srcset=\"https:\/\/jehh.org\/wp-content\/uploads\/2023\/10\/PayPal.png 2560w, https:\/\/jehh.org\/wp-content\/uploads\/2023\/10\/PayPal-500x132.png 500w, https:\/\/jehh.org\/wp-content\/uploads\/2023\/10\/PayPal-1200x318.png 1200w, https:\/\/jehh.org\/wp-content\/uploads\/2023\/10\/PayPal-300x79.png 300w, https:\/\/jehh.org\/wp-content\/uploads\/2023\/10\/PayPal-768x203.png 768w, https:\/\/jehh.org\/wp-content\/uploads\/2023\/10\/PayPal-1536x407.png 1536w, https:\/\/jehh.org\/wp-content\/uploads\/2023\/10\/PayPal-2048x542.png 2048w, https:\/\/jehh.org\/wp-content\/uploads\/2023\/10\/PayPal-18x5.png 18w, https:\/\/jehh.org\/wp-content\/uploads\/2023\/10\/PayPal-150x40.png 150w, https:\/\/jehh.org\/wp-content\/uploads\/2023\/10\/PayPal-480x127.png 480w\" sizes=\"(max-width:767px) 480px, (max-width:2560px) 100vw, 2560px\" \/><\/figure><div class=\"elementor-image-box-content\"><h3 class=\"elementor-image-box-title\">joshuaelijahhelpinghandsinc@gmail.com<\/h3><\/div><\/div>\t\t\t\t<\/div>\n\t\t\t\t<\/div>\n\t\t\t\t<div class=\"elementor-element elementor-element-021fb33 elementor-widget elementor-widget-image\" data-id=\"021fb33\" data-element_type=\"widget\" data-e-type=\"widget\" data-widget_type=\"image.default\">\n\t\t\t\t<div class=\"elementor-widget-container\">\n\t\t\t\t\t\t\t\t\t\t\t\t\t\t\t<img decoding=\"async\" width=\"266\" height=\"362\" src=\"https:\/\/jehh.org\/wp-content\/uploads\/2024\/07\/zelle-QR-Code-e1721727241504.jpg\" class=\"attachment-large size-large wp-image-1315\" alt=\"\" srcset=\"https:\/\/jehh.org\/wp-content\/uploads\/2024\/07\/zelle-QR-Code-e1721727241504.jpg 266w, https:\/\/jehh.org\/wp-content\/uploads\/2024\/07\/zelle-QR-Code-e1721727241504-220x300.jpg 220w, https:\/\/jehh.org\/wp-content\/uploads\/2024\/07\/zelle-QR-Code-e1721727241504-9x12.jpg 9w, https:\/\/jehh.org\/wp-content\/uploads\/2024\/07\/zelle-QR-Code-e1721727241504-55x75.jpg 55w\" sizes=\"(max-width:767px) 266px, 266px\" \/>\t\t\t\t\t\t\t\t\t\t\t\t\t\t\t<\/div>\n\t\t\t\t<\/div>\n\t\t\t\t<div class=\"elementor-element elementor-element-170aa32 elementor-hidden-desktop elementor-hidden-tablet elementor-hidden-mobile elementor-position-top ha-has-bg-overlay elementor-widget elementor-widget-image-box\" data-id=\"170aa32\" data-element_type=\"widget\" data-e-type=\"widget\" data-widget_type=\"image-box.default\">\n\t\t\t\t<div class=\"elementor-widget-container\">\n\t\t\t\t\t<div class=\"elementor-image-box-wrapper\"><figure class=\"elementor-image-box-img\"><img decoding=\"async\" width=\"800\" height=\"421\" src=\"https:\/\/jehh.org\/wp-content\/uploads\/2023\/10\/Zelle_logo.svg.png\" class=\"attachment-full size-full wp-image-1241\" alt=\"\" srcset=\"https:\/\/jehh.org\/wp-content\/uploads\/2023\/10\/Zelle_logo.svg.png 800w, https:\/\/jehh.org\/wp-content\/uploads\/2023\/10\/Zelle_logo.svg-500x263.png 500w, https:\/\/jehh.org\/wp-content\/uploads\/2023\/10\/Zelle_logo.svg-300x158.png 300w, https:\/\/jehh.org\/wp-content\/uploads\/2023\/10\/Zelle_logo.svg-768x404.png 768w, https:\/\/jehh.org\/wp-content\/uploads\/2023\/10\/Zelle_logo.svg-18x9.png 18w, https:\/\/jehh.org\/wp-content\/uploads\/2023\/10\/Zelle_logo.svg-143x75.png 143w, https:\/\/jehh.org\/wp-content\/uploads\/2023\/10\/Zelle_logo.svg-480x253.png 480w\" sizes=\"(max-width:767px) 480px, (max-width:800px) 100vw, 800px\" \/><\/figure><div class=\"elementor-image-box-content\"><h3 class=\"elementor-image-box-title\">joshuaelijahhelpinghandsinc@gmail.com<\/h3><\/div><\/div>\t\t\t\t<\/div>\n\t\t\t\t<\/div>\n\t\t\t\t\t<\/div>\n\t\t\t\t<\/div>\n\t\t\t\t<\/div>\n\t\t\t\t<\/div>\n\t\t\t\t<\/div>","protected":false},"excerpt":{"rendered":"<p>Plateformes de dons alternatives joshuaelijahhelpinghandsinc@gmail.com Vous pouvez \u00e9galement donner en envoyant des ch\u00e8ques ou des mandats \u00e0 l&#039;ordre de : JEHH ou Joshua and Elijah Helping Hands \u00e0 l&#039;adresse<span class=\"excerpt-hellip\"> [\u2026]<\/span><\/p>","protected":false},"author":1,"featured_media":0,"parent":0,"menu_order":0,"comment_status":"closed","ping_status":"closed","template":"elementor_header_footer","meta":{"give_campaign_id":0,"inline_featured_image":false,"footnotes":""},"class_list":["post-1125","page","type-page","status-publish","hentry"],"campaignId":"","_links":{"self":[{"href":"https:\/\/jehh.org\/fr\/wp-json\/wp\/v2\/pages\/1125","targetHints":{"allow":["GET"]}}],"collection":[{"href":"https:\/\/jehh.org\/fr\/wp-json\/wp\/v2\/pages"}],"about":[{"href":"https:\/\/jehh.org\/fr\/wp-json\/wp\/v2\/types\/page"}],"author":[{"embeddable":true,"href":"https:\/\/jehh.org\/fr\/wp-json\/wp\/v2\/users\/1"}],"replies":[{"embeddable":true,"href":"https:\/\/jehh.org\/fr\/wp-json\/wp\/v2\/comments?post=1125"}],"version-history":[{"count":65,"href":"https:\/\/jehh.org\/fr\/wp-json\/wp\/v2\/pages\/1125\/revisions"}],"predecessor-version":[{"id":1318,"href":"https:\/\/jehh.org\/fr\/wp-json\/wp\/v2\/pages\/1125\/revisions\/1318"}],"wp:attachment":[{"href":"https:\/\/jehh.org\/fr\/wp-json\/wp\/v2\/media?parent=1125"}],"curies":[{"name":"wp","href":"https:\/\/api.w.org\/{rel}","templated":true}]}}