{"id":12,"date":"2023-04-05T14:14:56","date_gmt":"2023-04-05T14:14:56","guid":{"rendered":"https:\/\/jehh.org\/?page_id=12"},"modified":"2024-07-25T12:01:28","modified_gmt":"2024-07-25T12:01:28","slug":"about","status":"publish","type":"page","link":"https:\/\/jehh.org\/fr\/about\/","title":{"rendered":"\u00c0 propos"},"content":{"rendered":"<div data-elementor-type=\"wp-page\" data-elementor-id=\"12\" class=\"elementor elementor-12\" data-elementor-settings=\"{&quot;ha_cmc_init_switcher&quot;:&quot;no&quot;}\" data-elementor-post-type=\"page\">\n\t\t\t\t<div class=\"elementor-element elementor-element-bd05913 e-con-full e-flex e-con e-parent\" data-id=\"bd05913\" data-element_type=\"container\" data-e-type=\"container\" data-settings=\"{&quot;background_background&quot;:&quot;classic&quot;,&quot;_ha_eqh_enable&quot;:false}\">\n\t\t<div class=\"elementor-element elementor-element-8223481 e-flex e-con-boxed e-con e-child\" data-id=\"8223481\" data-element_type=\"container\" data-e-type=\"container\" data-settings=\"{&quot;_ha_eqh_enable&quot;:false}\">\n\t\t\t\t\t<div class=\"e-con-inner\">\n\t\t\t\t<div class=\"elementor-element elementor-element-2b0c60b elementor-widget-tablet__width-initial elementor-widget elementor-widget-heading\" data-id=\"2b0c60b\" data-element_type=\"widget\" data-e-type=\"widget\" data-widget_type=\"heading.default\">\n\t\t\t\t<div class=\"elementor-widget-container\">\n\t\t\t\t\t<h2 class=\"elementor-heading-title elementor-size-default\">\u00c0 propos de nous<\/h2>\t\t\t\t<\/div>\n\t\t\t\t<\/div>\n\t\t\t\t\t<\/div>\n\t\t\t\t<\/div>\n\t\t\t\t<\/div>\n\t\t<div class=\"elementor-element elementor-element-34ffa13 e-flex e-con-boxed e-con e-parent\" data-id=\"34ffa13\" data-element_type=\"container\" data-e-type=\"container\" data-settings=\"{&quot;background_background&quot;:&quot;classic&quot;,&quot;_ha_eqh_enable&quot;:false}\">\n\t\t\t\t\t<div class=\"e-con-inner\">\n\t\t<div class=\"elementor-element elementor-element-7a0cd7f e-flex e-con-boxed e-con e-child\" data-id=\"7a0cd7f\" data-element_type=\"container\" data-e-type=\"container\" data-settings=\"{&quot;_ha_eqh_enable&quot;:false}\">\n\t\t\t\t\t<div class=\"e-con-inner\">\n\t\t\t\t<div class=\"elementor-element elementor-element-1039157 elementor-widget elementor-widget-text-editor\" data-id=\"1039157\" data-element_type=\"widget\" data-e-type=\"widget\" data-widget_type=\"text-editor.default\">\n\t\t\t\t<div class=\"elementor-widget-container\">\n\t\t\t\t\t\t\t\t\t<p>Joshua et Elijah Helping Hands Inc. sont n\u00e9s d&#039;une aspiration sinc\u00e8re et d&#039;un appel divin. Guid\u00e9s par une mission commune de servir les autres, nous avons eu la chance de nous connecter avec une communaut\u00e9 de personnes partageant les m\u00eames id\u00e9es, motiv\u00e9es par leur d\u00e9vouement \u00e0 l&#039;\u0153uvre du Seigneur. N\u00e9 d&#039;un modeste effort visant \u00e0 offrir une \u00e9ducation et un soutien \u00e0 certaines familles et connaissances en Ha\u00efti, notre voyage s&#039;\u00e9tend sur 28 ans depuis notre d\u00e9m\u00e9nagement aux \u00c9tats-Unis.<\/p><p>Pendant ce temps, nous avons \u00e9t\u00e9 d\u00e9termin\u00e9s \u00e0 offrir des opportunit\u00e9s \u00e9ducatives aux enfants et aux adultes \u00e0 Carrefour et Cabaret, en Ha\u00efti. En 2022, nous sommes fiers de faciliter l&#039;inscription d&#039;une trentaine d&#039;\u00e9tudiants dans des institutions dont le COLLEGE MIXTE EVANGELIQUE INDIGENE D&#039;HAITI, l&#039;INSTITUTION MIXTE JOREL NAURELUS et diverses \u00e9coles de Cabaret. Cet effort comprenait \u00e9galement la fourniture de repas et de fournitures essentielles \u00e0 ces \u00e9tablissements d&#039;enseignement. Le r\u00e9seau d&#039;affiliations religieuses que nous avons cultiv\u00e9 \u00e0 l&#039;\u00e9chelle nationale a jou\u00e9 un r\u00f4le d\u00e9terminant dans le maintien de nos efforts pour aider ceux qui en ont besoin.<\/p>\t\t\t\t\t\t\t\t<\/div>\n\t\t\t\t<\/div>\n\t\t\t\t<div class=\"elementor-element elementor-element-30c5c7a elementor-widget elementor-widget-heading\" data-id=\"30c5c7a\" data-element_type=\"widget\" data-e-type=\"widget\" data-widget_type=\"heading.default\">\n\t\t\t\t<div class=\"elementor-widget-container\">\n\t\t\t\t\t<h2 class=\"elementor-heading-title elementor-size-default\">Notre futur<\/h2>\t\t\t\t<\/div>\n\t\t\t\t<\/div>\n\t\t\t\t<div class=\"elementor-element elementor-element-4146890 elementor-widget elementor-widget-text-editor\" data-id=\"4146890\" data-element_type=\"widget\" data-e-type=\"widget\" data-widget_type=\"text-editor.default\">\n\t\t\t\t<div class=\"elementor-widget-container\">\n\t\t\t\t\t\t\t\t\t<p>Alors que nos efforts caritatifs continuent de prosp\u00e9rer, nous aspirons \u00e0 \u00e9largir notre port\u00e9e \u00e0 diff\u00e9rentes nations. Notre objectif n&#039;est pas seulement d&#039;\u00e9tendre les soins m\u00e9dicaux aux \u00e9tudiants de nos programmes, mais \u00e9galement d&#039;\u00e9tendre le soutien \u00e0 leurs familles.<\/p><p>Nos projets futurs pr\u00e9voient le lancement d&#039;initiatives annuelles de rentr\u00e9e scolaire adapt\u00e9es \u00e0 chaque \u00e9cole, ainsi que la mise en place de salons de la sant\u00e9 et de la m\u00e9decine dans les communaut\u00e9s o\u00f9 r\u00e9sident ces enfants, ainsi que l\u00e0 o\u00f9 les \u00e9glises servent. Notre engagement in\u00e9branlable demeure de d\u00e9fendre l\u2019\u00e9ducation et de propager les enseignements de l\u2019\u00c9vangile dans toutes les communaut\u00e9s que nous avons le privil\u00e8ge de servir.<\/p>\t\t\t\t\t\t\t\t<\/div>\n\t\t\t\t<\/div>\n\t\t\t\t\t<\/div>\n\t\t\t\t<\/div>\n\t\t\t\t\t<\/div>\n\t\t\t\t<\/div>\n\t\t<div class=\"elementor-element elementor-element-6079bf1 e-flex e-con-boxed e-con e-parent\" data-id=\"6079bf1\" data-element_type=\"container\" data-e-type=\"container\" data-settings=\"{&quot;_ha_eqh_enable&quot;:false}\">\n\t\t\t\t\t<div class=\"e-con-inner\">\n\t\t\t\t<div class=\"elementor-element elementor-element-e6dcb69 elementor-widget elementor-widget-video\" data-id=\"e6dcb69\" data-element_type=\"widget\" data-e-type=\"widget\" data-settings=\"{&quot;video_type&quot;:&quot;hosted&quot;,&quot;controls&quot;:&quot;yes&quot;}\" data-widget_type=\"video.default\">\n\t\t\t\t<div class=\"elementor-widget-container\">\n\t\t\t\t\t\t\t<div class=\"e-hosted-video elementor-wrapper elementor-open-inline\">\n\t\t\t\t\t<video class=\"elementor-video\" src=\"https:\/\/jehh.org\/wp-content\/uploads\/2024\/07\/about-us-page.mp4\" controls=\"\" preload=\"metadata\" controlslist=\"nodownload\"><\/video>\n\t\t\t\t<\/div>\n\t\t\t\t\t\t<\/div>\n\t\t\t\t<\/div>\n\t\t\t\t\t<\/div>\n\t\t\t\t<\/div>\n\t\t<div class=\"elementor-element elementor-element-c3ff968 e-flex e-con-boxed e-con e-parent\" data-id=\"c3ff968\" data-element_type=\"container\" data-e-type=\"container\" data-settings=\"{&quot;background_background&quot;:&quot;classic&quot;,&quot;_ha_eqh_enable&quot;:false}\">\n\t\t\t\t\t<div class=\"e-con-inner\">\n\t\t<div class=\"elementor-element elementor-element-e5c86b3 e-con-full e-flex e-con e-child\" data-id=\"e5c86b3\" data-element_type=\"container\" data-e-type=\"container\" data-settings=\"{&quot;_ha_eqh_enable&quot;:false}\">\n\t\t\t\t<div class=\"elementor-element elementor-element-95e650c elementor-widget elementor-widget-heading\" data-id=\"95e650c\" data-element_type=\"widget\" data-e-type=\"widget\" data-widget_type=\"heading.default\">\n\t\t\t\t<div class=\"elementor-widget-container\">\n\t\t\t\t\t<h2 class=\"elementor-heading-title elementor-size-default\">Notre mission et nos valeurs<\/h2>\t\t\t\t<\/div>\n\t\t\t\t<\/div>\n\t\t\t\t<\/div>\n\t\t<div class=\"elementor-element elementor-element-2f0e2c1 e-con-full e-flex e-con e-child\" data-id=\"2f0e2c1\" data-element_type=\"container\" data-e-type=\"container\" data-settings=\"{&quot;_ha_eqh_enable&quot;:false}\">\n\t\t\t\t<div class=\"elementor-element elementor-element-6cad506 elementor-widget elementor-widget-text-editor\" data-id=\"6cad506\" data-element_type=\"widget\" data-e-type=\"widget\" data-widget_type=\"text-editor.default\">\n\t\t\t\t<div class=\"elementor-widget-container\">\n\t\t\t\t\t\t\t\t\t<p>La mission de Joshua et Elijah Helping Hands, Inc. est de diffuser l&#039;\u00c9vangile du Tr\u00e8s-Haut en am\u00e9liorant la vie des individus d\u00e9favoris\u00e9s et marginalis\u00e9s partout dans le monde, en commen\u00e7ant par Ha\u00efti. Nous apporterons notre aide en fournissant de la nourriture, une assistance m\u00e9dicale et \u00e9ducative, ainsi que d\u2019autres besoins. Nous comblerons le foss\u00e9 de la pauvret\u00e9 qui a touch\u00e9 les jeunes d&#039;Ha\u00efti et d&#039;autres pays, un individu \u00e0 la fois.\u00a0<\/p><p>Nous aiderons dans un premier temps la population ha\u00eftienne en ciblant les jeunes pour simuler des opportunit\u00e9s de croissance. Pour la gloire de Dieu, nous enrichirons nos vies pour grandir, apprendre et r\u00e9ussir. Nous aiderons les individus, les familles et les communaut\u00e9s du monde entier, en commen\u00e7ant par Ha\u00efti, avec des projets de d\u00e9veloppement durable, des projets de d\u00e9veloppement \u00e9conomique, l&#039;obtention d&#039;eau potable et d&#039;\u00e9nergie abordable, de meilleures opportunit\u00e9s \u00e9ducatives, des programmes de formation professionnelle et de stages, des \u00e9changes culturels, des secours en cas de catastrophe et aide humanitaire.<\/p>\t\t\t\t\t\t\t\t<\/div>\n\t\t\t\t<\/div>\n\t\t\t\t<\/div>\n\t\t\t\t\t<\/div>\n\t\t\t\t<\/div>\n\t\t\t\t<\/div>","protected":false},"excerpt":{"rendered":"<p>\u00c0 propos de nous Joshua et Elijah Helping Hands Inc. sont n\u00e9s d&#039;une aspiration sinc\u00e8re et d&#039;un appel divin. Guid\u00e9s par une mission commune de servir les autres, nous<span class=\"excerpt-hellip\"> [\u2026]<\/span><\/p>","protected":false},"author":1,"featured_media":0,"parent":0,"menu_order":0,"comment_status":"open","ping_status":"closed","template":"elementor_header_footer","meta":{"give_campaign_id":0,"inline_featured_image":false,"footnotes":""},"class_list":["post-12","page","type-page","status-publish","hentry"],"campaignId":"","_links":{"self":[{"href":"https:\/\/jehh.org\/fr\/wp-json\/wp\/v2\/pages\/12","targetHints":{"allow":["GET"]}}],"collection":[{"href":"https:\/\/jehh.org\/fr\/wp-json\/wp\/v2\/pages"}],"about":[{"href":"https:\/\/jehh.org\/fr\/wp-json\/wp\/v2\/types\/page"}],"author":[{"embeddable":true,"href":"https:\/\/jehh.org\/fr\/wp-json\/wp\/v2\/users\/1"}],"replies":[{"embeddable":true,"href":"https:\/\/jehh.org\/fr\/wp-json\/wp\/v2\/comments?post=12"}],"version-history":[{"count":42,"href":"https:\/\/jehh.org\/fr\/wp-json\/wp\/v2\/pages\/12\/revisions"}],"predecessor-version":[{"id":1339,"href":"https:\/\/jehh.org\/fr\/wp-json\/wp\/v2\/pages\/12\/revisions\/1339"}],"wp:attachment":[{"href":"https:\/\/jehh.org\/fr\/wp-json\/wp\/v2\/media?parent=12"}],"curies":[{"name":"wp","href":"https:\/\/api.w.org\/{rel}","templated":true}]}}